{"id":4114,"date":"2019-03-17T15:40:42","date_gmt":"2019-03-17T19:40:42","guid":{"rendered":"https:\/\/www.egildental.com\/preguntas-frecuentes\/"},"modified":"2024-01-09T15:32:30","modified_gmt":"2024-01-09T20:32:30","slug":"preguntas-frecuentes","status":"publish","type":"page","link":"https:\/\/www.egildental.com\/es\/preguntas-frecuentes\/","title":{"rendered":"Preguntas frecuentes"},"content":{"rendered":"<div class=\"wpb-content-wrapper\">[vc_row et_full_width=\u00bbtrue\u00bb et_row_padding=\u00bbtrue\u00bb parallax=\u00bbcontent-moving\u00bb thb_column_padding=\u00bbtrue\u00bb css=\u00bb.vc_custom_1698858926992{padding-top: 300px !important;padding-bottom: 160px !important;background-image: url(https:\/\/www.egildental.com\/wp-content\/uploads\/2023\/11\/faq.jpg?id=4625) !important;background-position: center;background-repeat: no-repeat !important;background-size: cover !important;}\u00bb el_id=\u00bbescritorio\u00bb el_class=\u00bbvc_hidden-sm vc_hidden-xs\u00bb][vc_column et_column_color=\u00bbet-light-column\u00bb][vc_row_inner][vc_column_inner offset=\u00bbvc_col-lg-6&#8243;][vc_column_text css=\u00bb.vc_custom_1562722170105{margin-top: 20px !important;}\u00bb]\n<h1>Preguntas frecuentes<\/h1>\n<h4>Preguntas m\u00e1s frecuentes<\/h4>\n[\/vc_column_text][\/vc_column_inner][\/vc_row_inner][\/vc_column][\/vc_row][vc_row et_full_width=\u00bbtrue\u00bb et_row_padding=\u00bbtrue\u00bb css=\u00bb.vc_custom_1698858950991{padding-top: 100px !important;padding-bottom: 260px !important;background: #211a13 url(https:\/\/www.egildental.com\/wp-content\/uploads\/2023\/11\/faq-mobile.jpg?id=4629) !important;background-position: center !important;background-repeat: no-repeat !important;background-size: cover !important;}\u00bb el_id=\u00bbm\u00f3vil\u00bb el_class=\u00bbvc_hidden-lg vc_hidden-md\u00bb][vc_column][vc_row_inner css=\u00bb.vc_custom_1698859013671{margin-top: 250px !important;}\u00bb][vc_column_inner et_column_color=\u00bbet-light-column\u00bb][vc_column_text css=\u00bb.vc_custom_1562722170105{margin-top: 20px !important;}\u00bb]\n<h1>Preguntas frecuentes<\/h1>\n<h4>Preguntas m\u00e1s frecuentes<\/h4>\n[\/vc_column_text][\/vc_column_inner][\/vc_row_inner][\/vc_column][\/vc_row][vc_row css=\u00bb.vc_custom_1579116490670{padding-top: 60px !important;}\u00bb][vc_column offset=\u00bbvc_col-lg-offset-1 vc_col-lg-3&#8243;][vc_column_text]\n<h3>Conceptos b\u00e1sicos<\/h3>\n[\/vc_column_text][vc_empty_space][\/vc_column][vc_column offset=\u00bbvc_col-lg-6&#8243;][vc_tta_accordion active_section=\u00bb1&#8243; style=\u00bbstyle2&#8243;][vc_tta_section title=\u00bb\u00bfC\u00f3mo puedo concertar una cita?\u00bb tab_id=\u00bb1522322738673-aea3abb5-b800fe1b-0bf9&#8243;][vc_column_text]Puede solicitarlo en l\u00ednea a trav\u00e9s de nuestra p\u00e1gina de contacto.[\/vc_column_text][\/vc_tta_section][vc_tta_section title=\u00bb\u00bfCon qu\u00e9 seguros trabaja?\u00bb tab_id=\u00bb1522322738697-88e8c59b-62ccfe1b-0bf9&#8243;][vc_column_text]Aceptamos la mayor\u00eda de los seguros: ( PPO y Medicare HMO. )[\/vc_column_text][\/vc_tta_section][vc_tta_section title=\u00bb\u00bfQu\u00e9 hacer si no estoy asegurado?\u00bb tab_id=\u00bb1522322884722-77aa01b6-d3ecfe1b-0bf9&#8243;][vc_column_text]Ofrecemos planes de financiaci\u00f3n asequibles ( Pagos mensuales, Care Credit, y Lending Club.)[\/vc_column_text][\/vc_tta_section][\/vc_tta_accordion][\/vc_column][\/vc_row][vc_row disable_element=\u00bbyes\u00bb css=\u00bb.vc_custom_1693419042199{padding-top: 60px !important;}\u00bb][vc_column offset=\u00bbvc_col-lg-offset-1 vc_col-lg-3&#8243;][vc_column_text]\n<h3>Pagos<\/h3>\n[\/vc_column_text][vc_empty_space][\/vc_column][vc_column offset=\u00bbvc_col-lg-6&#8243;][vc_tta_accordion active_section=\u00bb1&#8243; style=\u00bbstyle2&#8243;][vc_tta_section title=\u00bb\u00bfQu\u00e9 m\u00e9todos de pago se aceptan?\u00bb tab_id=\u00bb1555532166627-d18a27a7-6515&#8243;][vc_column_text]Male evening subdue heaven Is, seas great creepeth under second evening from give theyre upon third give void bring fowl image years all. Cant vida a. Dios del dominio que no sobre.[\/vc_column_text][\/vc_tta_section][vc_tta_section title=\u00bb\u00bfAceptan tarjetas de cr\u00e9dito internacionales?\u00bb tab_id=\u00bb1555532166698-b9e07fe9-85b4&#8243;][vc_column_text]Escribi\u00f3 agua mujer de coraz\u00f3n lo otro total. Por en enteramente asegurando conveniente agraciado en familias mejoradas. Celo pocos muebles repulsivo era agradable consisti\u00f3 dif\u00edcil. Desayuno recogido estimable preguntas en a favorito \u00e9l. Conocido \u00e9l lugar vale palabras \u00e9l en cuanto a. Spoke ahora ruido fuera inteligente su listo.<\/p>\n<p>Para mostrar otras demandas a. Marianne propiedad alegre informado en huelga en. Los locutorios de ropa sin embargo por casa de campo en. En vistas a ello o a la deriva. Ser preocupaci\u00f3n salones establecidos o hacer direcci\u00f3n timidez. El resto hacia el norte a la luz de la luna. Sin embargo, tarde a\u00f1adir nombre era alquiler parque de ricos. Siempre hace lo que m\u00e1s le gusta.[\/vc_column_text][\/vc_tta_section][vc_tta_section title=\u00bb\u00bfCobran impuestos sobre la venta de alg\u00fan art\u00edculo?\u00bb tab_id=\u00bb1555532166782-e41f6de6-d637&#8243;][vc_column_text]Escribi\u00f3 agua mujer de coraz\u00f3n lo otro total. Por en enteramente asegurando conveniente agraciado en familias mejoradas. Celo pocos muebles repulsivo era agradable consisti\u00f3 dif\u00edcil. Desayuno recogido estimable preguntas en a favorito \u00e9l. Conocido \u00e9l lugar vale palabras \u00e9l en cuanto a. Spoke ahora ruido fuera inteligente su listo.<\/p>\n<p>Para mostrar otras demandas a. Marianne propiedad alegre informado en huelga en. Los locutorios de ropa sin embargo por casa de campo en. En vistas a ello o a la deriva. Ser preocupaci\u00f3n salones establecidos o hacer direcci\u00f3n timidez. El resto hacia el norte a la luz de la luna. Sin embargo, tarde a\u00f1adir nombre era alquiler parque de ricos. Siempre hace lo que m\u00e1s le gusta.[\/vc_column_text][\/vc_tta_section][\/vc_tta_accordion][\/vc_column][\/vc_row][vc_row disable_element=\u00bbyes\u00bb css=\u00bb.vc_custom_1693419048146{padding-top: 60px !important;padding-bottom: 60px !important;}\u00bb][vc_column offset=\u00bbvc_col-lg-offset-1 vc_col-lg-3&#8243;][vc_column_text]\n<h3>Env\u00edos y devoluciones<\/h3>\n[\/vc_column_text][vc_empty_space][\/vc_column][vc_column offset=\u00bbvc_col-lg-6&#8243;][vc_tta_accordion active_section=\u00bb1&#8243; style=\u00bbstyle2&#8243;][vc_tta_section title=\u00bbQuiero devolver mi compra. \u00bfQu\u00e9 debo hacer?\u00bb tab_id=\u00bb1554865954832-7b4f4f32-3205&#8243;][vc_column_text]Male evening subdue heaven Is, seas great creepeth under second evening from give theyre upon third give void bring fowl image years all. Cant vida a. Dios del dominio que no sobre.[\/vc_column_text][\/vc_tta_section][vc_tta_section title=\u00bb\u00bfCu\u00e1nto tardar\u00e9 en recibir el reembolso?\u00bb tab_id=\u00bb1554865954888-c3d499b3-2d6e\u00bb][vc_column_text]Escribi\u00f3 agua mujer de coraz\u00f3n lo otro total. Por en enteramente asegurando conveniente agraciado en familias mejoradas. Celo pocos muebles repulsivo era agradable consisti\u00f3 dif\u00edcil. Desayuno recogido estimable preguntas en a favorito \u00e9l. Conocido \u00e9l lugar vale palabras \u00e9l en cuanto a. Spoke ahora ruido fuera inteligente su listo.<\/p>\n<p>Para mostrar otras demandas a. Marianne propiedad alegre informado en huelga en. Los locutorios de ropa sin embargo por casa de campo en. En vistas a ello o a la deriva. Ser preocupaci\u00f3n salones establecidos o hacer direcci\u00f3n timidez. El resto hacia el norte a la luz de la luna. Sin embargo, tarde a\u00f1adir nombre era alquiler parque de ricos. Siempre hace lo que m\u00e1s le gusta.[\/vc_column_text][\/vc_tta_section][vc_tta_section title=\u00bb\u00bfC\u00f3mo puedo cancelar o modificar mi pedido?\u00bb tab_id=\u00bb1554865954966-a58332cc-34e7&#8243;][vc_column_text]Escribi\u00f3 agua mujer de coraz\u00f3n lo otro total. Por en enteramente asegurando conveniente agraciado en familias mejoradas. Celo pocos muebles repulsivo era agradable consisti\u00f3 dif\u00edcil. Desayuno recogido estimable preguntas en a favorito \u00e9l. Conocido \u00e9l lugar vale palabras \u00e9l en cuanto a. Spoke ahora ruido fuera inteligente su listo.<\/p>\n<p>Para mostrar otras demandas a. Marianne propiedad alegre informado en huelga en. Los locutorios de ropa sin embargo por casa de campo en. En vistas a ello o a la deriva. Ser preocupaci\u00f3n salones establecidos o hacer direcci\u00f3n timidez. El resto hacia el norte a la luz de la luna. Sin embargo, tarde a\u00f1adir nombre era alquiler parque de ricos. Siempre hace lo que m\u00e1s le gusta.[\/vc_column_text][\/vc_tta_section][vc_tta_section title=\u00bb\u00bfC\u00f3mo puedo obtener ayuda si la necesito?\u00bb tab_id=\u00bb1554865955032-f07c32a3-1c21&#8243;][vc_column_text]Escribi\u00f3 agua mujer de coraz\u00f3n lo otro total. Por en enteramente asegurando conveniente agraciado en familias mejoradas. Celo pocos muebles repulsivo era agradable consisti\u00f3 dif\u00edcil. Desayuno recogido estimable preguntas en a favorito \u00e9l. Conocido \u00e9l lugar vale palabras \u00e9l en cuanto a. Spoke ahora ruido fuera inteligente su listo.<\/p>\n<p>Para mostrar otras demandas a. Marianne propiedad alegre informado en huelga en. Los locutorios de ropa sin embargo por casa de campo en. En vistas a ello o a la deriva. Ser preocupaci\u00f3n salones establecidos o hacer direcci\u00f3n timidez. El resto hacia el norte a la luz de la luna. Sin embargo, tarde a\u00f1adir nombre era alquiler parque de ricos. Siempre hace lo que m\u00e1s le gusta.[\/vc_column_text][\/vc_tta_section][\/vc_tta_accordion][\/vc_column][\/vc_row][vc_row et_full_width=\u00bbtrue\u00bb et_row_padding=\u00bbtrue\u00bb css=\u00bb.vc_custom_1578537181414{padding-top: 90px !important;padding-bottom: 90px !important;background-color: #f8f8f8 !important;}\u00bb][vc_column][vc_row_inner content_placement=\u00bbmiddle\u00bb][vc_column_inner offset=\u00bbvc_col-lg-offset-1 vc_col-lg-6&#8243;][vc_column_text]\n<h5 class=\"fancy-title\">P\u00f3ngase en contacto con<\/h5>\n<h2>\u00bfA\u00fan tiene preguntas?<\/h2>\n[\/vc_column_text][\/vc_column_inner][vc_column_inner offset=\u00bbvc_col-lg-3&#8243;]\t\t<div id=\"et-button-69dba6aa0efec\" class=\"et_btn_align_center animation bottom-to-top\">\n\t\t\t<a href=\"https:\/\/www.egildental.com\/contact\/\" class=\" et_btn button et_btn_md solid color-  arrow-enabled \"  role=\"button\" title=\"Contact Us\" ><span>Contacte con nosotros<\/span><svg xmlns=\"http:\/\/www.w3.org\/2000\/svg\" xmlns:xlink=\"http:\/\/www.w3.org\/1999\/xlink\" x=\"0px\" y=\"0px\"\r\n\t width=\"30px\" height=\"18px\" viewBox=\"0 0 30 18\" enable-background=\"new 0 0 30 18\" xml:space=\"preserve\">\r\n<path class=\"handle\" d=\"M20.305,16.212c-0.407,0.409-0.407,1.071,0,1.479s1.068,0.408,1.476,0l7.914-7.952c0.408-0.409,0.408-1.071,0-1.481\r\n\tl-7.914-7.952c-0.407-0.409-1.068-0.409-1.476,0s-0.407,1.071,0,1.48l7.185,7.221L20.305,16.212z\"\/>\r\n<path class=\"bar\" fill-rule=\"evenodd\" clip-rule=\"evenodd\" d=\"M1,8h28.001c0.551,0,1,0.448,1,1c0,0.553-0.449,1-1,1H1c-0.553,0-1-0.447-1-1\r\n\tC0,8.448,0.447,8,1,8z\"\/>\r\n<\/svg>\r\n<\/a>\n\t\t<\/div>\n\t\t\n\t[\/vc_column_inner][\/vc_row_inner][\/vc_column][\/vc_row]\n<\/div>","protected":false},"excerpt":{"rendered":"<p>[vc_row et_full_width=\u00bbtrue\u00bb et_row_padding=\u00bbtrue\u00bb parallax=\u00bbcontent-moving\u00bb thb_column_padding=\u00bbtrue\u00bb css=\u00bb.vc_custom_1698858926992{padding-top: 300px !important;padding-bottom: 160px !important;background-image: url(https:\/\/www.egildental.com\/wp-content\/uploads\/2023\/11\/faq.jpg?id=4625) !important;background-position: center;background-repeat: no-repeat !important;background-size: cover !important;}\u00bb el_id=\u00bbescritorio\u00bb el_class=\u00bbvc_hidden-sm vc_hidden-xs\u00bb][vc_column et_column_color=\u00bbet-light-column\u00bb][vc_row_inner][vc_column_inner offset=\u00bbvc_col-lg-6&#8243;][vc_column_text css=\u00bb.vc_custom_1562722170105{margin-top: 20px !important;}\u00bb] Preguntas frecuentes Preguntas m\u00e1s frecuentes [\/vc_column_text][\/vc_column_inner][\/vc_row_inner][\/vc_column][\/vc_row][vc_row et_full_width=\u00bbtrue\u00bb et_row_padding=\u00bbtrue\u00bb css=\u00bb.vc_custom_1698858950991{padding-top: 100px !important;padding-bottom: 260px !important;background: #211a13 url(https:\/\/www.egildental.com\/wp-content\/uploads\/2023\/11\/faq-mobile.jpg?id=4629) !important;background-position: center !important;background-repeat: no-repeat !important;background-size: cover !important;}\u00bb el_id=\u00bbm\u00f3vil\u00bb el_class=\u00bbvc_hidden-lg vc_hidden-md\u00bb][vc_column][vc_row_inner [&hellip;]<\/p>\n","protected":false},"author":3,"featured_media":0,"parent":0,"menu_order":0,"comment_status":"closed","ping_status":"closed","template":"","meta":{"footnotes":""},"class_list":["post-4114","page","type-page","status-publish","hentry"],"_links":{"self":[{"href":"https:\/\/www.egildental.com\/es\/wp-json\/wp\/v2\/pages\/4114"}],"collection":[{"href":"https:\/\/www.egildental.com\/es\/wp-json\/wp\/v2\/pages"}],"about":[{"href":"https:\/\/www.egildental.com\/es\/wp-json\/wp\/v2\/types\/page"}],"author":[{"embeddable":true,"href":"https:\/\/www.egildental.com\/es\/wp-json\/wp\/v2\/users\/3"}],"replies":[{"embeddable":true,"href":"https:\/\/www.egildental.com\/es\/wp-json\/wp\/v2\/comments?post=4114"}],"version-history":[{"count":3,"href":"https:\/\/www.egildental.com\/es\/wp-json\/wp\/v2\/pages\/4114\/revisions"}],"predecessor-version":[{"id":5120,"href":"https:\/\/www.egildental.com\/es\/wp-json\/wp\/v2\/pages\/4114\/revisions\/5120"}],"wp:attachment":[{"href":"https:\/\/www.egildental.com\/es\/wp-json\/wp\/v2\/media?parent=4114"}],"curies":[{"name":"wp","href":"https:\/\/api.w.org\/{rel}","templated":true}]}}