{"id":4036,"date":"2023-08-25T19:08:43","date_gmt":"2023-08-25T23:08:43","guid":{"rendered":"https:\/\/www.egildental.com\/ofertas\/"},"modified":"2024-01-09T15:24:33","modified_gmt":"2024-01-09T20:24:33","slug":"ofertas","status":"publish","type":"page","link":"https:\/\/www.egildental.com\/es\/ofertas\/","title":{"rendered":"Ofertas"},"content":{"rendered":"<div class=\"wpb-content-wrapper\">[vc_row et_full_width=\u00bbtrue\u00bb et_row_padding=\u00bbtrue\u00bb css=\u00bb.vc_custom_1698859523013{padding-top: 100px !important;padding-bottom: 260px !important;background: #211a13 url(https:\/\/www.egildental.com\/wp-content\/uploads\/2023\/11\/Egil-Dental-mobile2.jpg?id=4637) !important;background-position: center !important;background-repeat: no-repeat !important;background-size: cover !important;}\u00bb el_id=\u00bbm\u00f3vil\u00bb el_class=\u00bbvc_hidden-lg vc_hidden-md\u00bb][vc_column et_column_color=\u00bbet-light-column\u00bb][vc_row_inner css=\u00bb.vc_custom_1698859562057{margin-top: 350px !important;}\u00bb][vc_column_inner et_column_color=\u00bbet-light-column\u00bb][vc_column_text css=\u00bb.vc_custom_1692996210539{padding-top: 15px !important;padding-right: 10% !important;padding-bottom: 15px !important;padding-left: 10% !important;}\u00bb]\n<p class=\"fancy-tag sand-color\">Tu Sonrisa, Nuestra Prioridad, \u00a1Ofertas Inmejorables!<\/p>\n<h1>Ofertas dentales exclusivas en Miami y South Miami<\/h1>\n<p>Obtenga atenci\u00f3n dental de primera sin los precios de primera, exclusivamente en EGil Dental.[\/vc_column_text]\t\t<div id=\"et-button-69dbb3f200ae9\" class=\"et_btn_align_left \">\n\t\t\t<a href=\"https:\/\/www.egildental.com\/contact\/\" class=\" et_btn button et_btn_md solid color-light   hero-banner-button\"  role=\"button\" title=\"Contact\" ><span>Reclame su oferta hoy mismo<\/span><\/a>\n\t\t<\/div>\n\t\t\n\t[\/vc_column_inner][\/vc_row_inner][\/vc_column][\/vc_row][vc_row et_full_width=\u00bbtrue\u00bb et_row_padding=\u00bbtrue\u00bb css=\u00bb.vc_custom_1698859415152{padding-top: 100px !important;padding-bottom: 260px !important;background: #211a13 url(https:\/\/www.egildental.com\/wp-content\/uploads\/2023\/11\/Egil-Dental-2.jpg?id=4634) !important;background-position: center !important;background-repeat: no-repeat !important;background-size: cover !important;}\u00bb el_id=\u00bbescritorio\u00bb el_class=\u00bbvc_hidden-sm vc_hidden-xs\u00bb][vc_column et_column_color=\u00bbet-light-column\u00bb][vc_row_inner][vc_column_inner animation=\u00bbanimation bottom-to-top\u00bb offset=\u00bbvc_col-lg-6 vc_col-md-8&#8243;][vc_empty_space height=\u00bb150px\u00bb][vc_column_text css=\u00bb.vc_custom_1692996220104{padding-top: 15px !important;padding-right: 10% !important;padding-bottom: 15px !important;padding-left: 10% !important;}\u00bb]\n<p class=\"fancy-tag sand-color\">Tu Sonrisa, Nuestra Prioridad, \u00a1Ofertas Inmejorables!<\/p>\n<h1>Ofertas dentales exclusivas en Miami y South Miami<\/h1>\n<p>Obtenga atenci\u00f3n dental de primera sin los precios de primera, exclusivamente en EGil Dental.[\/vc_column_text]\t\t<div id=\"et-button-69dbb3f200c92\" class=\"et_btn_align_left \">\n\t\t\t<a href=\"https:\/\/www.egildental.com\/contact\/\" class=\" et_btn button et_btn_md solid color-light   hero-banner-button\"  role=\"button\" title=\"Contact\" ><span>Reclame su oferta hoy mismo<\/span><\/a>\n\t\t<\/div>\n\t\t\n\t[\/vc_column_inner][\/vc_row_inner][\/vc_column][\/vc_row][vc_row et_full_width=\u00bbtrue\u00bb et_column_align=\u00bbalign-center\u00bb css=\u00bb.vc_custom_1692813545877{padding-top: 60px !important;padding-bottom: 20px !important;background-color: #ffffff !important;}\u00bb][vc_column et_column_color=\u00bbet-light-column\u00bb animation=\u00bbanimation bottom-to-top\u00bb][vc_row_inner css=\u00bb.vc_custom_1692824354967{margin-top: -200px !important;padding-top: 30px !important;padding-bottom: 20px !important;background: #ffffff url(https:\/\/www.egildental.com\/wp-content\/uploads\/2023\/08\/Rectangle-4713-1.jpg?id=3392) !important;}\u00bb][vc_column_inner width=\u00bb1\/2&#8243; css=\u00bb.vc_custom_1692992247416{padding-top: 35px !important;}\u00bb][vc_single_image image=\u00bb4034&#8243; img_size=\u00bbfull\u00bb][\/vc_column_inner][vc_column_inner width=\u00bb1\/2&#8243;][vc_column_text]\n<p class=\"fancy-title\">Comience su viaje dental con nosotros.<\/p>\n<h2><strong>Especial Nuevos Pacientes<\/strong><\/h2>\n<p><strong>Un examen completo, una radiograf\u00eda de toda la boca y una limpieza preventiva, \u00a1todo por s\u00f3lo 99 $!  <\/strong><\/p>\n<p><strong>Esta oferta incluye:<\/strong><\/p>\n<ul>\n<li>Examen global (D0150)<\/li>\n<li>Radiograf\u00eda de toda la boca (D0210)<\/li>\n<li>Limpieza preventiva (D1110)<\/li>\n<\/ul>\n[\/vc_column_text]\t\t<div id=\"et-button-69dbb3f200d33\" class=\"et_btn_align_left \">\n\t\t\t<a href=\"https:\/\/www.egildental.com\/contact\/\" class=\" et_btn button et_btn_md solid color-light   \"  role=\"button\" title=\"Contact\" ><span>Reserve ya su visita de 99<\/span><\/a>\n\t\t<\/div>\n\t\t\n\t[\/vc_column_inner][\/vc_row_inner][\/vc_column][\/vc_row][vc_row et_full_width=\u00bbtrue\u00bb et_column_align=\u00bbalign-center\u00bb css=\u00bb.vc_custom_1692813545877{padding-top: 60px !important;padding-bottom: 20px !important;background-color: #ffffff !important;}\u00bb][vc_column animation=\u00bbanimation bottom-to-top\u00bb][vc_row_inner css=\u00bb.vc_custom_1692813789896{padding-top: 50px !important;padding-right: 10% !important;padding-bottom: 50px !important;padding-left: 10% !important;}\u00bb][vc_column_inner width=\u00bb2\/3&#8243;][vc_column_text]\n<p class=\"fancy-tag sand-color\">Oferta de ortodoncia<\/p>\n<h2><strong>Consulta de ortodoncia gratuita<\/strong><\/h2>\n<p>Descubra el camino hacia su sonrisa m\u00e1s recta y brillante, sin coste alguno para usted.<\/p>\n<p>\u00bfEst\u00e1 pensando en enderezarse los dientes? Le tenemos cubierto. Obtenga una consulta de ortodoncia gratuita (D8660) de nuestro experimentado equipo dental. Hable de sus objetivos, eval\u00fae su salud bucal y determine las mejores soluciones de ortodoncia para usted.[\/vc_column_text]\t\t<div id=\"et-button-69dbb3f200d9f\" class=\"et_btn_align_left \">\n\t\t\t<a href=\"https:\/\/www.egildental.com\/contact\/\" class=\" et_btn button et_btn_md solid color-accent   \"  role=\"button\" title=\"Contact\" ><span>Programe su consulta gratuita<\/span><\/a>\n\t\t<\/div>\n\t\t\n\t[vc_empty_space][vc_separator][vc_empty_space][vc_column_text]\n<p class=\"fancy-tag sand-color\">Atenci\u00f3n dental de urgencia<\/p>\n<h2><strong>Examen de urgencia por s\u00f3lo 65<\/strong><\/h2>\n<p><strong>Atenci\u00f3n inmediata de urgencias dentales<\/strong><\/p>\n<p>Las urgencias dentales pueden ser inquietantes. Estamos aqu\u00ed para ayudarle. Esta oferta especial incluye:<\/p>\n<ul>\n<li>Examen dental de urgencia (D0140)<\/li>\n<li>Radiograf\u00eda simple (D0220)<\/li>\n<\/ul>\n<p>No deje que el dolor dental le interrumpa el d\u00eda. P\u00f3ngase en contacto con nuestras oficinas de Miami o South Miami y aseg\u00farese de recibir la atenci\u00f3n que necesita con rapidez.[\/vc_column_text]\t\t<div id=\"et-button-69dbb3f200e04\" class=\"et_btn_align_left \">\n\t\t\t<a href=\"https:\/\/www.egildental.com\/contact\/\" class=\" et_btn button et_btn_md solid color-accent   \"  role=\"button\" title=\"Contact\" ><span>\u00a1Obtenga ayuda de emergencia ahora!<\/span><\/a>\n\t\t<\/div>\n\t\t\n\t[vc_empty_space][vc_separator][vc_empty_space][vc_column_text]<strong><em>Tenga en cuenta que estas ofertas est\u00e1n sujetas a ciertas restricciones. No pueden combinarse con otras ofertas o seguros.<\/em><\/strong><\/p>\n<p>En EGil Dental, estamos comprometidos a proporcionar atenci\u00f3n dental excepcional en Miami y South Miami. Nuestras ofertas especiales est\u00e1n dise\u00f1adas para garantizarle el acceso a soluciones odontol\u00f3gicas de primera categor\u00eda sin que su bolsillo se resienta. Si tiene alguna pregunta o necesita m\u00e1s informaci\u00f3n, no dude en ponerse en contacto con nosotros.[\/vc_column_text]\t\t<div id=\"et-button-69dbb3f200e64\" class=\"et_btn_align_left \">\n\t\t\t<a href=\"https:\/\/www.egildental.com\/contact\/\" class=\" et_btn button et_btn_md solid color-accent   \"  role=\"button\" title=\"Contact\" ><span>Reclame su oferta hoy mismo<\/span><\/a>\n\t\t<\/div>\n\t\t\n\t[\/vc_column_inner][vc_column_inner width=\u00bb1\/3&#8243;][\/vc_column_inner][\/vc_row_inner][\/vc_column][\/vc_row][vc_row et_full_width=\u00bbtrue\u00bb et_row_padding=\u00bbtrue\u00bb][vc_column][vc_separator css=\u00bb.vc_custom_1556305572662{margin-bottom: 0px !important;}\u00bb][\/vc_column][\/vc_row][vc_row et_full_width=\u00bbtrue\u00bb css=\u00bb.vc_custom_1692814697669{background-image: url(https:\/\/www.egildental.com\/wp-content\/uploads\/2023\/08\/Background.jpg?id=3387) !important;background-position: 0 0 !important;background-repeat: repeat !important;}\u00bb][vc_column][vc_row_inner et_max_width=\u00bb\u00bb css=\u00bb.vc_custom_1692819192091{padding-top: 50px !important;padding-right: 10% !important;padding-bottom: 25px !important;padding-left: 10% !important;}\u00bb][vc_column_inner width=\u00bb1\/2&#8243;][vc_single_image image=\u00bb4015&#8243; img_size=\u00bbfull\u00bb][\/vc_column_inner][vc_column_inner width=\u00bb1\/2&#8243;][vc_column_text]\n<p class=\"fancy-title\">Experimente la excelencia en la atenci\u00f3n odontol\u00f3gica<\/p>\n<h2>\u00bfPor qu\u00e9 elegir EGil Dental?<\/h2>\n<p>Desde medidas preventivas hasta mejoras cosm\u00e9ticas intrincadas, EGil Dental es el destino \u00fanico de Miami para todas las necesidades dentales. Dirigidos por el experimentado Dr. Eduardo Gil, nos comprometemos a crear la mejor versi\u00f3n de su sonrisa.[\/vc_column_text]\t\t<div id=\"et-button-69dbb3f200ec0\" class=\"et_btn_align_left \">\n\t\t\t<a href=\"https:\/\/www.egildental.com\/contact\/\" class=\" et_btn button et_btn_md solid color-accent   \"  role=\"button\" title=\"Contact\" ><span>Reserve su cita<\/span><\/a>\n\t\t<\/div>\n\t\t\n\t[\/vc_column_inner][\/vc_row_inner][\/vc_column][\/vc_row][vc_row et_full_width=\u00bbtrue\u00bb et_row_padding=\u00bbtrue\u00bb][vc_column][vc_separator css=\u00bb.vc_custom_1556305572662{margin-bottom: 0px !important;}\u00bb][\/vc_column][\/vc_row][vc_row css=\u00bb.vc_custom_1579117433533{padding-top: 60px !important;padding-bottom: 60px !important;}\u00bb][vc_column animation=\u00bbanimation bottom-to-top\u00bb][vc_row_inner el_class=\u00bbalign-center\u00bb][vc_column_inner el_class=\u00bbtext-center\u00bb offset=\u00bbvc_col-lg-6 vc_col-md-9&#8243;][vc_column_text]\n<h2>Blog y consejos dentales<\/h2>\n<p>Su viaje por la salud bucodental no termina con una visita a la cl\u00ednica. Mant\u00e9ngase informado con nuestro blog dental actualizado peri\u00f3dicamente. Tanto si se trata de consejos para mantener la higiene bucal como de comprender los procedimientos dentales, nuestro blog le ofrece toda la informaci\u00f3n que necesita.[\/vc_column_text][\/vc_column_inner][\/vc_row_inner][vc_row_inner][vc_column_inner]\t\t\t<div class=\"et-post-slider slick slick-slider slick-arrows-outside slick-controls-gray slick-dots-centered slick-dots-active-small\" data-columns=\"3\" data-slides-to-scroll=\"3\" data-pagination=\"true\" data-navigation=\"true\">\r\n\t\t\t\t\t\t\t<article itemscope itemtype=\"http:\/\/schema.org\/Article\" class=\"post post-grid post-slider blog-post post-6016 type-post status-publish format-standard has-post-thumbnail hentry category-sin-categorizar\">\r\n\t\t\t\t\t<div class=\"et-post-slider-inner\">\r\n\t\t\t\t\t\t<figure class=\"post-gallery\">\r\n\t\t\t\t\t\t\t\t\t\t\t\t\t\t\t<a href=\"https:\/\/www.egildental.com\/es\/gran-inauguracion-entra-en-nuestra-nueva-sede\/\" rel=\"bookmark\" title=\"Gran Inauguraci\u00f3n: \u00a1Entra en nuestra nueva sede!\">\r\n\t\t\t\t\t\t\t\t\t\t\t\t\t\t\t\t\t\t<img loading=\"lazy\" decoding=\"async\" width=\"768\" height=\"433\" src=\"https:\/\/www.egildental.com\/wp-content\/uploads\/2023\/09\/Egil-Dental-768x433.jpg\" class=\"attachment-medium_large size-medium_large wp-post-image\" alt=\"A flyer for the grand opening of a dentist.\" srcset=\"https:\/\/www.egildental.com\/wp-content\/uploads\/2023\/09\/Egil-Dental-768x433.jpg 768w, https:\/\/www.egildental.com\/wp-content\/uploads\/2023\/09\/Egil-Dental-300x169.jpg 300w, https:\/\/www.egildental.com\/wp-content\/uploads\/2023\/09\/Egil-Dental-1024x577.jpg 1024w, https:\/\/www.egildental.com\/wp-content\/uploads\/2023\/09\/Egil-Dental-1536x865.jpg 1536w, https:\/\/www.egildental.com\/wp-content\/uploads\/2023\/09\/Egil-Dental-150x85.jpg 150w, https:\/\/www.egildental.com\/wp-content\/uploads\/2023\/09\/Egil-Dental.jpg 1640w\" sizes=\"(max-width: 768px) 100vw, 768px\" \/>\t\t\t\t\t\t\t\t<\/a>\r\n\t\t\t\t\t\t\t\t\t\t\t\t\t<\/figure>\r\n\t\t\t\t\t\t\t\t\t\t\r\n\t\t\t\t\t\t<div class=\"et-post-slider-content\">\r\n\t\t\t\t\t\t\t<ul class=\"post-categories\">\n\t<li><a href=\"https:\/\/www.egildental.com\/es\/category\/sin-categorizar\/\" rel=\"category tag\">Sin categorizar<\/a><\/li><\/ul>\t\t\t\t\t\t\t<header class=\"post-title entry-header\">\r\n\t\t\t\t\t\t\t\t<h3 class=\"entry-title\" itemprop=\"name headline\"><a class=\"entry-link\" href=\"https:\/\/www.egildental.com\/es\/gran-inauguracion-entra-en-nuestra-nueva-sede\/\" title=\"Gran Inauguraci\u00f3n: \u00a1Entra en nuestra nueva sede!\">Gran Inauguraci\u00f3n: \u00a1Entra en nuestra nueva sede!<\/a><\/h3>\t\t\t\t\t\t\t<\/header>\r\n\t\t\t\t\t\t\t\t<aside class=\"post-meta\">\n\t\t\t\t \n\t\t\t<a href=\"https:\/\/www.egildental.com\/es\/gran-inauguracion-entra-en-nuestra-nueva-sede\/\" class=\"date-link\"><time class=\"time\" datetime=\"2023-08-28T13:05:47-04:00\">agosto 28, 2023<\/time><\/a>\n\t\t\t<\/aside>\n\t\t\t\t\t\t\t\t\t\t\t\t\t\t<div class=\"post-content\">\r\n\t\t\t\t\t\t\t\t<p>Acomp\u00e1\u00f1anos el 18 de octubre a celebrar la gran inauguraci\u00f3n de nuestras instalaciones dentales de \u00fa&hellip;<\/p>\n\t\t\t\t\t\t\t<\/div>\r\n\t\t\t\t\t\t\t\t\t\t\t\t\t<\/div>\r\n\t\t\t\t\t<\/div>\r\n\t\t\t\t<\/article>\r\n\t\t\t\t\t\t\t<article itemscope itemtype=\"http:\/\/schema.org\/Article\" class=\"post post-grid post-slider blog-post post-4254 type-post status-publish format-standard hentry category-odontologia-estetica\">\r\n\t\t\t\t\t<div class=\"et-post-slider-inner\">\r\n\t\t\t\t\t\t<figure class=\"post-gallery\">\r\n\t\t\t\t\t\t\t\t\t\t\t\t\t<\/figure>\r\n\t\t\t\t\t\t\t\t\t\t\r\n\t\t\t\t\t\t<div class=\"et-post-slider-content\">\r\n\t\t\t\t\t\t\t<ul class=\"post-categories\">\n\t<li><a href=\"https:\/\/www.egildental.com\/es\/category\/odontologia-estetica\/\" rel=\"category tag\">Odontolog\u00eda est\u00e9tica<\/a><\/li><\/ul>\t\t\t\t\t\t\t<header class=\"post-title entry-header\">\r\n\t\t\t\t\t\t\t\t<h3 class=\"entry-title\" itemprop=\"name headline\"><a class=\"entry-link\" href=\"https:\/\/www.egildental.com\/es\/transformar-sonrisas-una-vision-general-de-la-odontologia-cosmetica\/\" title=\"Transformar sonrisas: Una visi\u00f3n general de la odontolog\u00eda cosm\u00e9tica\">Transformar sonrisas: Una visi\u00f3n general de la odontolog\u00eda cosm\u00e9tica<\/a><\/h3>\t\t\t\t\t\t\t<\/header>\r\n\t\t\t\t\t\t\t\t<aside class=\"post-meta\">\n\t\t\t\t \n\t\t\t<a href=\"https:\/\/www.egildental.com\/es\/transformar-sonrisas-una-vision-general-de-la-odontologia-cosmetica\/\" class=\"date-link\"><time class=\"time\" datetime=\"2023-08-30T13:14:59-04:00\">agosto 30, 2023<\/time><\/a>\n\t\t\t<\/aside>\n\t\t\t\t\t\t\t\t\t\t\t\t\t\t<div class=\"post-content\">\r\n\t\t\t\t\t\t\t\t<p>La odontolog\u00eda est\u00e9tica se ha hecho cada vez m\u00e1s popular en los \u00faltimos a\u00f1os, ya que cada vez m\u00e1s pe&hellip;<\/p>\n\t\t\t\t\t\t\t<\/div>\r\n\t\t\t\t\t\t\t\t\t\t\t\t\t<\/div>\r\n\t\t\t\t\t<\/div>\r\n\t\t\t\t<\/article>\r\n\t\t\t\t\t\t\t<article itemscope itemtype=\"http:\/\/schema.org\/Article\" class=\"post post-grid post-slider blog-post post-4252 type-post status-publish format-standard hentry category-odontologia-estetica\">\r\n\t\t\t\t\t<div class=\"et-post-slider-inner\">\r\n\t\t\t\t\t\t<figure class=\"post-gallery\">\r\n\t\t\t\t\t\t\t\t\t\t\t\t\t<\/figure>\r\n\t\t\t\t\t\t\t\t\t\t\r\n\t\t\t\t\t\t<div class=\"et-post-slider-content\">\r\n\t\t\t\t\t\t\t<ul class=\"post-categories\">\n\t<li><a href=\"https:\/\/www.egildental.com\/es\/category\/odontologia-estetica\/\" rel=\"category tag\">Odontolog\u00eda est\u00e9tica<\/a><\/li><\/ul>\t\t\t\t\t\t\t<header class=\"post-title entry-header\">\r\n\t\t\t\t\t\t\t\t<h3 class=\"entry-title\" itemprop=\"name headline\"><a class=\"entry-link\" href=\"https:\/\/www.egildental.com\/es\/el-poder-de-una-sonrisa-renovada-de-las-manchas-a-los-dientes-rectos\/\" title=\"El poder de una sonrisa renovada: De las manchas a los dientes rectos\">El poder de una sonrisa renovada: De las manchas a los dientes rectos<\/a><\/h3>\t\t\t\t\t\t\t<\/header>\r\n\t\t\t\t\t\t\t\t<aside class=\"post-meta\">\n\t\t\t\t \n\t\t\t<a href=\"https:\/\/www.egildental.com\/es\/el-poder-de-una-sonrisa-renovada-de-las-manchas-a-los-dientes-rectos\/\" class=\"date-link\"><time class=\"time\" datetime=\"2023-08-30T13:18:33-04:00\">agosto 30, 2023<\/time><\/a>\n\t\t\t<\/aside>\n\t\t\t\t\t\t\t\t\t\t\t\t\t\t<div class=\"post-content\">\r\n\t\t\t\t\t\t\t\t<p>Una de las primeras cosas en las que se fija la gente es en su sonrisa. Una sonrisa deslumbrante pue&hellip;<\/p>\n\t\t\t\t\t\t\t<\/div>\r\n\t\t\t\t\t\t\t\t\t\t\t\t\t<\/div>\r\n\t\t\t\t\t<\/div>\r\n\t\t\t\t<\/article>\r\n\t\t\t\t\t\t\t<article itemscope itemtype=\"http:\/\/schema.org\/Article\" class=\"post post-grid post-slider blog-post post-4250 type-post status-publish format-standard hentry category-odontologia-estetica\">\r\n\t\t\t\t\t<div class=\"et-post-slider-inner\">\r\n\t\t\t\t\t\t<figure class=\"post-gallery\">\r\n\t\t\t\t\t\t\t\t\t\t\t\t\t<\/figure>\r\n\t\t\t\t\t\t\t\t\t\t\r\n\t\t\t\t\t\t<div class=\"et-post-slider-content\">\r\n\t\t\t\t\t\t\t<ul class=\"post-categories\">\n\t<li><a href=\"https:\/\/www.egildental.com\/es\/category\/odontologia-estetica\/\" rel=\"category tag\">Odontolog\u00eda est\u00e9tica<\/a><\/li><\/ul>\t\t\t\t\t\t\t<header class=\"post-title entry-header\">\r\n\t\t\t\t\t\t\t\t<h3 class=\"entry-title\" itemprop=\"name headline\"><a class=\"entry-link\" href=\"https:\/\/www.egildental.com\/es\/carillas-blanqueamiento-bonding-que-procedimiento-cosmetico-es-el-adecuado-para-usted\/\" title=\"Carillas Blanqueamiento Bonding: \u00bfQu\u00e9 procedimiento cosm\u00e9tico es el adecuado para usted?\">Carillas Blanqueamiento Bonding: \u00bfQu\u00e9 procedimiento cosm\u00e9tico es el adecuado para usted?<\/a><\/h3>\t\t\t\t\t\t\t<\/header>\r\n\t\t\t\t\t\t\t\t<aside class=\"post-meta\">\n\t\t\t\t \n\t\t\t<a href=\"https:\/\/www.egildental.com\/es\/carillas-blanqueamiento-bonding-que-procedimiento-cosmetico-es-el-adecuado-para-usted\/\" class=\"date-link\"><time class=\"time\" datetime=\"2023-08-30T13:21:51-04:00\">agosto 30, 2023<\/time><\/a>\n\t\t\t<\/aside>\n\t\t\t\t\t\t\t\t\t\t\t\t\t\t<div class=\"post-content\">\r\n\t\t\t\t\t\t\t\t<p>Cuando se trata de mejorar su sonrisa, los procedimientos dentales est\u00e9ticos como las carillas, el b&hellip;<\/p>\n\t\t\t\t\t\t\t<\/div>\r\n\t\t\t\t\t\t\t\t\t\t\t\t\t<\/div>\r\n\t\t\t\t\t<\/div>\r\n\t\t\t\t<\/article>\r\n\t\t\t\t\t\t<\/div>\r\n\t\t[\/vc_column_inner][\/vc_row_inner][\/vc_column][\/vc_row][vc_row et_full_width=\u00bbtrue\u00bb et_column_align=\u00bbalign-center\u00bb css=\u00bb.vc_custom_1692814824619{padding-top: 60px !important;padding-bottom: 25px !important;background-color: #f6f6f6 !important;background-position: 0 0 !important;background-repeat: repeat !important;}\u00bb][vc_column offset=\u00bbvc_col-lg-6&#8243;][vc_widget_sidebar sidebar_id=\u00bbca-sidebar-3411&#8243;][\/vc_column][\/vc_row]\n<\/div>","protected":false},"excerpt":{"rendered":"<p>[vc_row et_full_width=\u00bbtrue\u00bb et_row_padding=\u00bbtrue\u00bb css=\u00bb.vc_custom_1698859523013{padding-top: 100px !important;padding-bottom: 260px !important;background: #211a13 url(https:\/\/www.egildental.com\/wp-content\/uploads\/2023\/11\/Egil-Dental-mobile2.jpg?id=4637) !important;background-position: center !important;background-repeat: no-repeat !important;background-size: cover !important;}\u00bb el_id=\u00bbm\u00f3vil\u00bb el_class=\u00bbvc_hidden-lg vc_hidden-md\u00bb][vc_column et_column_color=\u00bbet-light-column\u00bb][vc_row_inner css=\u00bb.vc_custom_1698859562057{margin-top: 350px !important;}\u00bb][vc_column_inner et_column_color=\u00bbet-light-column\u00bb][vc_column_text css=\u00bb.vc_custom_1692996210539{padding-top: 15px !important;padding-right: 10% !important;padding-bottom: 15px !important;padding-left: 10% !important;}\u00bb] Tu Sonrisa, Nuestra Prioridad, \u00a1Ofertas Inmejorables! Ofertas dentales exclusivas en Miami y South Miami Obtenga atenci\u00f3n [&hellip;]<\/p>\n","protected":false},"author":3,"featured_media":0,"parent":0,"menu_order":0,"comment_status":"closed","ping_status":"closed","template":"","meta":{"footnotes":""},"class_list":["post-4036","page","type-page","status-publish","hentry"],"_links":{"self":[{"href":"https:\/\/www.egildental.com\/es\/wp-json\/wp\/v2\/pages\/4036"}],"collection":[{"href":"https:\/\/www.egildental.com\/es\/wp-json\/wp\/v2\/pages"}],"about":[{"href":"https:\/\/www.egildental.com\/es\/wp-json\/wp\/v2\/types\/page"}],"author":[{"embeddable":true,"href":"https:\/\/www.egildental.com\/es\/wp-json\/wp\/v2\/users\/3"}],"replies":[{"embeddable":true,"href":"https:\/\/www.egildental.com\/es\/wp-json\/wp\/v2\/comments?post=4036"}],"version-history":[{"count":6,"href":"https:\/\/www.egildental.com\/es\/wp-json\/wp\/v2\/pages\/4036\/revisions"}],"predecessor-version":[{"id":5051,"href":"https:\/\/www.egildental.com\/es\/wp-json\/wp\/v2\/pages\/4036\/revisions\/5051"}],"wp:attachment":[{"href":"https:\/\/www.egildental.com\/es\/wp-json\/wp\/v2\/media?parent=4036"}],"curies":[{"name":"wp","href":"https:\/\/api.w.org\/{rel}","templated":true}]}}